{"id":277,"date":"2019-11-05T19:02:08","date_gmt":"2019-11-05T19:02:08","guid":{"rendered":"http:\/\/isemvirtual.org\/home\/?page_id=277"},"modified":"2022-12-05T02:54:04","modified_gmt":"2022-12-05T02:54:04","slug":"formacion","status":"publish","type":"page","link":"https:\/\/isemvirtual.org\/home\/formacion\/","title":{"rendered":"Formaci\u00f3n y capacitaci\u00f3n"},"content":{"rendered":"\n<p><\/p>\n\n\n\n<!--more-->\n\n\n\n<p>Desarrollamos programas de formaci\u00f3n especializados en tecnolog\u00eda, comunicaci\u00f3n, liderazgo, emprendimiento, marketing, econom\u00eda, gerencia, psicolog\u00eda entre otras \u00e1reas.<\/p>\n\n\n\n<p><span style=\"color: #000000;\">Adem\u00e1s, en alianza estrat\u00e9gica con la plataforma <a href=\"http:\/\/www.sigueenmovimiento.com\/\">Sigue en Movimiento<\/a>, promovemos y avalamos certificaciones desarrolladas por profesionales universitarios especialistas en \u00e1reas <\/span><span style=\"color: #000000;\">interdisciplinarias de las tecnolog\u00edas y ciencias aplicadas al deporte.<\/span><\/p>\n\n\n\n<hr class=\"wp-block-separator\"\/>\n\n\n\n<div class=\"wp-block-image\"><figure class=\"aligncenter size-large is-resized\"><a href=\"http:\/\/isemvirtual.org\/home\/wordpress\/\"><img fetchpriority=\"high\" decoding=\"async\" src=\"http:\/\/isemvirtual.org\/home\/wp-content\/uploads\/2022\/12\/FlyerSitioWeb-1024x1024.jpg\" alt=\"\" class=\"wp-image-588\" width=\"600\" height=\"602\" srcset=\"https:\/\/isemvirtual.org\/home\/wp-content\/uploads\/2022\/12\/FlyerSitioWeb-300x300.jpg 300w, https:\/\/isemvirtual.org\/home\/wp-content\/uploads\/2022\/12\/FlyerSitioWeb-150x150.jpg 150w\" sizes=\"(max-width: 600px) 100vw, 600px\" \/><\/a><\/figure><\/div>\n\n\n\n<p>A trav\u00e9s de este curso online te ense\u00f1aremos a <strong>crear sitios web <\/strong>atractivos, profesionales y totalmente interactivos utilizando la tecnolog\u00eda de <strong>WordPress<\/strong> sin necesidad de aprender programaci\u00f3n.<\/p>\n\n\n\n<h5 class=\"wp-block-heading\"><a href=\"http:\/\/isemvirtual.org\/home\/wordpress\/\">LEER MAS ><\/a><\/h5>\n\n\n\n<hr class=\"wp-block-separator\"\/>\n\n\n\n<div class=\"wp-block-image\"><figure class=\"aligncenter is-resized\"><a href=\"http:\/\/isemvirtual.org\/home\/criptocurso\/\"><img decoding=\"async\" src=\"http:\/\/isemvirtual.org\/home\/wp-content\/uploads\/2022\/02\/CriptocursoWeb.jpg\" alt=\"\" class=\"wp-image-472\" width=\"600\" height=\"600\" srcset=\"https:\/\/isemvirtual.org\/home\/wp-content\/uploads\/2022\/02\/CriptocursoWeb.jpg 2000w, https:\/\/isemvirtual.org\/home\/wp-content\/uploads\/2022\/02\/CriptocursoWeb-300x300.jpg 300w, https:\/\/isemvirtual.org\/home\/wp-content\/uploads\/2022\/02\/CriptocursoWeb-1024x1024.jpg 1024w, https:\/\/isemvirtual.org\/home\/wp-content\/uploads\/2022\/02\/CriptocursoWeb-150x150.jpg 150w, https:\/\/isemvirtual.org\/home\/wp-content\/uploads\/2022\/02\/CriptocursoWeb-768x768.jpg 768w, https:\/\/isemvirtual.org\/home\/wp-content\/uploads\/2022\/02\/CriptocursoWeb-1536x1536.jpg 1536w\" sizes=\"(max-width: 600px) 100vw, 600px\" \/><\/a><\/figure><\/div>\n\n\n\n<p class=\"has-text-align-left\">El objetivo de esta certificaci\u00f3n es que logres apropiarte de un mayor nivel de conocimiento en criptoeconom\u00eda, que te permita manejar con amplia propiedad y seguridad las m\u00faltiples particularidades del \u00e1rea y de esta forma,&nbsp; puedas alcanzar la capacidad de responder efectivamente a las innumerables interrogantes a las que nos enfrentamos los seres humanos cuando pensamos en Bitcoin y Criptomonedas.<\/p>\n\n\n\n<p class=\"has-text-align-left\">Gracias a este material audiovisual, podr\u00e1s ampliar tu espectro de conocimiento y orientarte hacia un panorama m\u00e1s claro que te permitir\u00e1 adaptarte con mayor facilidad a la nueva econom\u00eda digital, as\u00ed mismo, prepararte para comenzar a generar tus primeros ingresos en esta nueva criptoeconom\u00eda.<\/p>\n\n\n\n<h5 class=\"wp-block-heading\"><a href=\"http:\/\/isemvirtual.org\/home\/criptocurso\/\">LEER MAS &gt;<\/a><\/h5>\n\n\n\n<h5 class=\"wp-block-heading\">&nbsp;<\/h5>\n\n\n\n<hr class=\"wp-block-separator\"\/>\n\n\n\n<p>&nbsp;<\/p>\n\n\n\n<p>&nbsp;<\/p>\n","protected":false},"excerpt":{"rendered":"","protected":false},"author":1,"featured_media":0,"parent":0,"menu_order":0,"comment_status":"closed","ping_status":"closed","template":"template-fullwidth.php","meta":{"_joinchat":{"telephone":"+573113641485"},"footnotes":""},"class_list":["post-277","page","type-page","status-publish","hentry"],"yoast_head":"<!-- This site is optimized with the Yoast SEO plugin v24.1 - https:\/\/yoast.com\/wordpress\/plugins\/seo\/ -->\n<title>Formaci\u00f3n y capacitaci\u00f3n | Instituto Suramericano de Educaci&oacute;n Moderna<\/title>\n<meta name=\"robots\" content=\"index, follow, max-snippet:-1, max-image-preview:large, max-video-preview:-1\" \/>\n<link rel=\"canonical\" href=\"https:\/\/isemvirtual.org\/home\/formacion\/\" \/>\n<meta property=\"og:locale\" content=\"es_ES\" \/>\n<meta property=\"og:type\" content=\"article\" \/>\n<meta property=\"og:title\" content=\"Formaci\u00f3n y capacitaci\u00f3n | Instituto Suramericano de Educaci&oacute;n Moderna\" \/>\n<meta property=\"og:url\" content=\"https:\/\/isemvirtual.org\/home\/formacion\/\" \/>\n<meta property=\"og:site_name\" content=\"Instituto Suramericano de Educaci&oacute;n Moderna\" \/>\n<meta property=\"article:publisher\" content=\"http:\/\/www.facebook.com\/isemvirtual\" \/>\n<meta property=\"article:modified_time\" content=\"2022-12-05T02:54:04+00:00\" \/>\n<meta property=\"og:image\" content=\"http:\/\/isemvirtual.org\/home\/wp-content\/uploads\/2022\/12\/FlyerSitioWeb-1024x1024.jpg\" \/>\n<meta name=\"twitter:card\" content=\"summary_large_image\" \/>\n<meta name=\"twitter:label1\" content=\"Tiempo de lectura\" \/>\n\t<meta name=\"twitter:data1\" content=\"2 minutos\" \/>\n<script type=\"application\/ld+json\" class=\"yoast-schema-graph\">{\"@context\":\"https:\/\/schema.org\",\"@graph\":[{\"@type\":\"WebPage\",\"@id\":\"https:\/\/isemvirtual.org\/home\/formacion\/\",\"url\":\"https:\/\/isemvirtual.org\/home\/formacion\/\",\"name\":\"Formaci\u00f3n y capacitaci\u00f3n | Instituto Suramericano de Educaci&oacute;n Moderna\",\"isPartOf\":{\"@id\":\"https:\/\/isemvirtual.org\/home\/#website\"},\"primaryImageOfPage\":{\"@id\":\"https:\/\/isemvirtual.org\/home\/formacion\/#primaryimage\"},\"image\":{\"@id\":\"https:\/\/isemvirtual.org\/home\/formacion\/#primaryimage\"},\"thumbnailUrl\":\"http:\/\/isemvirtual.org\/home\/wp-content\/uploads\/2022\/12\/FlyerSitioWeb-1024x1024.jpg\",\"datePublished\":\"2019-11-05T19:02:08+00:00\",\"dateModified\":\"2022-12-05T02:54:04+00:00\",\"breadcrumb\":{\"@id\":\"https:\/\/isemvirtual.org\/home\/formacion\/#breadcrumb\"},\"inLanguage\":\"es\",\"potentialAction\":[{\"@type\":\"ReadAction\",\"target\":[\"https:\/\/isemvirtual.org\/home\/formacion\/\"]}]},{\"@type\":\"ImageObject\",\"inLanguage\":\"es\",\"@id\":\"https:\/\/isemvirtual.org\/home\/formacion\/#primaryimage\",\"url\":\"https:\/\/isemvirtual.org\/home\/wp-content\/uploads\/2022\/12\/FlyerSitioWeb.jpg\",\"contentUrl\":\"https:\/\/isemvirtual.org\/home\/wp-content\/uploads\/2022\/12\/FlyerSitioWeb.jpg\",\"width\":1080,\"height\":1080},{\"@type\":\"BreadcrumbList\",\"@id\":\"https:\/\/isemvirtual.org\/home\/formacion\/#breadcrumb\",\"itemListElement\":[{\"@type\":\"ListItem\",\"position\":1,\"name\":\"Portada\",\"item\":\"https:\/\/isemvirtual.org\/home\/\"},{\"@type\":\"ListItem\",\"position\":2,\"name\":\"Formaci\u00f3n y capacitaci\u00f3n\"}]},{\"@type\":\"WebSite\",\"@id\":\"https:\/\/isemvirtual.org\/home\/#website\",\"url\":\"https:\/\/isemvirtual.org\/home\/\",\"name\":\"ISEMVIRTUAL\",\"description\":\"ISEM Virtual\",\"publisher\":{\"@id\":\"https:\/\/isemvirtual.org\/home\/#organization\"},\"potentialAction\":[{\"@type\":\"SearchAction\",\"target\":{\"@type\":\"EntryPoint\",\"urlTemplate\":\"https:\/\/isemvirtual.org\/home\/?s={search_term_string}\"},\"query-input\":{\"@type\":\"PropertyValueSpecification\",\"valueRequired\":true,\"valueName\":\"search_term_string\"}}],\"inLanguage\":\"es\"},{\"@type\":\"Organization\",\"@id\":\"https:\/\/isemvirtual.org\/home\/#organization\",\"name\":\"Instituto Suramericano de Educaci\u00f3n Moderna ISEM\",\"url\":\"https:\/\/isemvirtual.org\/home\/\",\"logo\":{\"@type\":\"ImageObject\",\"inLanguage\":\"es\",\"@id\":\"https:\/\/isemvirtual.org\/home\/#\/schema\/logo\/image\/\",\"url\":\"http:\/\/isemvirtual.org\/home\/wp-content\/uploads\/2018\/09\/footer.png\",\"contentUrl\":\"http:\/\/isemvirtual.org\/home\/wp-content\/uploads\/2018\/09\/footer.png\",\"width\":300,\"height\":92,\"caption\":\"Instituto Suramericano de Educaci\u00f3n Moderna ISEM\"},\"image\":{\"@id\":\"https:\/\/isemvirtual.org\/home\/#\/schema\/logo\/image\/\"},\"sameAs\":[\"http:\/\/www.facebook.com\/isemvirtual\",\"http:\/\/www.instagram.com\/isemvirtual\"]}]}<\/script>\n<!-- \/ Yoast SEO plugin. -->","yoast_head_json":{"title":"Formaci\u00f3n y capacitaci\u00f3n | Instituto Suramericano de Educaci&oacute;n Moderna","robots":{"index":"index","follow":"follow","max-snippet":"max-snippet:-1","max-image-preview":"max-image-preview:large","max-video-preview":"max-video-preview:-1"},"canonical":"https:\/\/isemvirtual.org\/home\/formacion\/","og_locale":"es_ES","og_type":"article","og_title":"Formaci\u00f3n y capacitaci\u00f3n | Instituto Suramericano de Educaci&oacute;n Moderna","og_url":"https:\/\/isemvirtual.org\/home\/formacion\/","og_site_name":"Instituto Suramericano de Educaci&oacute;n Moderna","article_publisher":"http:\/\/www.facebook.com\/isemvirtual","article_modified_time":"2022-12-05T02:54:04+00:00","og_image":[{"url":"http:\/\/isemvirtual.org\/home\/wp-content\/uploads\/2022\/12\/FlyerSitioWeb-1024x1024.jpg","type":"","width":"","height":""}],"twitter_card":"summary_large_image","twitter_misc":{"Tiempo de lectura":"2 minutos"},"schema":{"@context":"https:\/\/schema.org","@graph":[{"@type":"WebPage","@id":"https:\/\/isemvirtual.org\/home\/formacion\/","url":"https:\/\/isemvirtual.org\/home\/formacion\/","name":"Formaci\u00f3n y capacitaci\u00f3n | Instituto Suramericano de Educaci&oacute;n Moderna","isPartOf":{"@id":"https:\/\/isemvirtual.org\/home\/#website"},"primaryImageOfPage":{"@id":"https:\/\/isemvirtual.org\/home\/formacion\/#primaryimage"},"image":{"@id":"https:\/\/isemvirtual.org\/home\/formacion\/#primaryimage"},"thumbnailUrl":"http:\/\/isemvirtual.org\/home\/wp-content\/uploads\/2022\/12\/FlyerSitioWeb-1024x1024.jpg","datePublished":"2019-11-05T19:02:08+00:00","dateModified":"2022-12-05T02:54:04+00:00","breadcrumb":{"@id":"https:\/\/isemvirtual.org\/home\/formacion\/#breadcrumb"},"inLanguage":"es","potentialAction":[{"@type":"ReadAction","target":["https:\/\/isemvirtual.org\/home\/formacion\/"]}]},{"@type":"ImageObject","inLanguage":"es","@id":"https:\/\/isemvirtual.org\/home\/formacion\/#primaryimage","url":"https:\/\/isemvirtual.org\/home\/wp-content\/uploads\/2022\/12\/FlyerSitioWeb.jpg","contentUrl":"https:\/\/isemvirtual.org\/home\/wp-content\/uploads\/2022\/12\/FlyerSitioWeb.jpg","width":1080,"height":1080},{"@type":"BreadcrumbList","@id":"https:\/\/isemvirtual.org\/home\/formacion\/#breadcrumb","itemListElement":[{"@type":"ListItem","position":1,"name":"Portada","item":"https:\/\/isemvirtual.org\/home\/"},{"@type":"ListItem","position":2,"name":"Formaci\u00f3n y capacitaci\u00f3n"}]},{"@type":"WebSite","@id":"https:\/\/isemvirtual.org\/home\/#website","url":"https:\/\/isemvirtual.org\/home\/","name":"ISEMVIRTUAL","description":"ISEM Virtual","publisher":{"@id":"https:\/\/isemvirtual.org\/home\/#organization"},"potentialAction":[{"@type":"SearchAction","target":{"@type":"EntryPoint","urlTemplate":"https:\/\/isemvirtual.org\/home\/?s={search_term_string}"},"query-input":{"@type":"PropertyValueSpecification","valueRequired":true,"valueName":"search_term_string"}}],"inLanguage":"es"},{"@type":"Organization","@id":"https:\/\/isemvirtual.org\/home\/#organization","name":"Instituto Suramericano de Educaci\u00f3n Moderna ISEM","url":"https:\/\/isemvirtual.org\/home\/","logo":{"@type":"ImageObject","inLanguage":"es","@id":"https:\/\/isemvirtual.org\/home\/#\/schema\/logo\/image\/","url":"http:\/\/isemvirtual.org\/home\/wp-content\/uploads\/2018\/09\/footer.png","contentUrl":"http:\/\/isemvirtual.org\/home\/wp-content\/uploads\/2018\/09\/footer.png","width":300,"height":92,"caption":"Instituto Suramericano de Educaci\u00f3n Moderna ISEM"},"image":{"@id":"https:\/\/isemvirtual.org\/home\/#\/schema\/logo\/image\/"},"sameAs":["http:\/\/www.facebook.com\/isemvirtual","http:\/\/www.instagram.com\/isemvirtual"]}]}},"_links":{"self":[{"href":"https:\/\/isemvirtual.org\/home\/wp-json\/wp\/v2\/pages\/277","targetHints":{"allow":["GET"]}}],"collection":[{"href":"https:\/\/isemvirtual.org\/home\/wp-json\/wp\/v2\/pages"}],"about":[{"href":"https:\/\/isemvirtual.org\/home\/wp-json\/wp\/v2\/types\/page"}],"author":[{"embeddable":true,"href":"https:\/\/isemvirtual.org\/home\/wp-json\/wp\/v2\/users\/1"}],"replies":[{"embeddable":true,"href":"https:\/\/isemvirtual.org\/home\/wp-json\/wp\/v2\/comments?post=277"}],"version-history":[{"count":23,"href":"https:\/\/isemvirtual.org\/home\/wp-json\/wp\/v2\/pages\/277\/revisions"}],"predecessor-version":[{"id":590,"href":"https:\/\/isemvirtual.org\/home\/wp-json\/wp\/v2\/pages\/277\/revisions\/590"}],"wp:attachment":[{"href":"https:\/\/isemvirtual.org\/home\/wp-json\/wp\/v2\/media?parent=277"}],"curies":[{"name":"wp","href":"https:\/\/api.w.org\/{rel}","templated":true}]}}