{"id":591,"date":"2022-12-05T03:05:32","date_gmt":"2022-12-05T03:05:32","guid":{"rendered":"http:\/\/isemvirtual.org\/home\/?page_id=591"},"modified":"2022-12-05T03:05:34","modified_gmt":"2022-12-05T03:05:34","slug":"wordpress","status":"publish","type":"page","link":"https:\/\/isemvirtual.org\/home\/wordpress\/","title":{"rendered":"Creaci\u00f3n de sitios web con WordPress"},"content":{"rendered":"<p><a href=\"http:\/\/isemvirtual.org\/home\/wp-content\/uploads\/2022\/12\/FlyerSitioWeb.jpg\"><img fetchpriority=\"high\" decoding=\"async\" class=\"aligncenter wp-image-588 size-large\" src=\"http:\/\/isemvirtual.org\/home\/wp-content\/uploads\/2022\/12\/FlyerSitioWeb-1024x1024.jpg\" alt=\"\" width=\"800\" height=\"800\" srcset=\"https:\/\/isemvirtual.org\/home\/wp-content\/uploads\/2022\/12\/FlyerSitioWeb-1024x1024.jpg 1024w, https:\/\/isemvirtual.org\/home\/wp-content\/uploads\/2022\/12\/FlyerSitioWeb-300x300.jpg 300w, https:\/\/isemvirtual.org\/home\/wp-content\/uploads\/2022\/12\/FlyerSitioWeb-150x150.jpg 150w, https:\/\/isemvirtual.org\/home\/wp-content\/uploads\/2022\/12\/FlyerSitioWeb-768x768.jpg 768w, https:\/\/isemvirtual.org\/home\/wp-content\/uploads\/2022\/12\/FlyerSitioWeb.jpg 1080w\" sizes=\"(max-width: 800px) 100vw, 800px\" \/><\/a><\/p>\n\n\n<p>(Inversi\u00f3n en d\u00f3lares americanos)<\/p>\n\n\n\n<h2 class=\"wp-block-heading\"><strong>US$ <\/strong>70<\/h2>\n\n\n<a class=\"maxbutton-2 maxbutton maxbutton-iniciar-proceso-de-inscripcion\" target=\"_blank\" title=\"Click para inscribirse\" rel=\"noopener\" href=\"http:\/\/isemvirtual.org\/home\/pagos\/\"><span class='mb-text'>Iniciar proceso de inscripci\u00f3n<\/span><\/a>\n\n\n<hr class=\"wp-block-separator\"\/>\n\n\n\n<p><i class=\"fa fa-calendar-alt \" ><\/i> Inicia el 12 de diciembre de 2022<\/p>\n\n\n\n<p><i class=\"fa fa-graduation-cap \" ><\/i> Certificado verificable internacionalmente.<\/p>\n\n\n\n<p><i class=\"fa fa-film \" ><\/i> 5 sesiones de clases en vivo.<\/p>\n\n\n\n<p><i class=\"fa fa-clock-o \" ><\/i> 10 horas de clases magistrales.<\/p>\n\n\n\n<p><i class=\"fa fa-user-circle-o \" ><\/i> Clases grabadas posterior a la sesi\u00f3n<\/p>\n\n\n\n<p><i class=\"fa fa-calendar \" ><\/i> T\u00fa decides cuando culminar.<\/p>\n\n\n\n<p><i class=\"fa fa-heartbeat \" ><\/i> Acceso total de por vida.<\/p>\n\n\n\n<p><i class=\"fa fa-mobile \" ><\/i> Puedes aprender desde tu m\u00f3vil.<\/p>\n\n\n\n<hr class=\"wp-block-separator\"\/>\n\n\n\n<h4 class=\"wp-block-heading\">Requerimientos<\/h4>\n\n\n\n<p><i class=\"fa fa-laptop \" ><\/i> Laptop o PC de escritorio.<\/p>\n\n\n\n<p><i class=\"fa fa-mobile \" ><\/i> Smartphone (opcional).<\/p>\n\n\n\n<hr class=\"wp-block-separator\"\/>\n\n\n\n<p>A trav\u00e9s de este curso online te ense\u00f1aremos a <strong>crear sitios web <\/strong>atractivos, profesionales y totalmente interactivos utilizando la tecnolog\u00eda de <strong>WordPress<\/strong> sin necesidad de aprender programaci\u00f3n. \u00a0 <\/p>\n\n\n\n<p>Te guiaremos durante el proceso de creaci\u00f3n de tu propio sitio web a lo largo de 5 sesiones de <strong>clases en vivo a trav\u00e9s de Zoom<\/strong> en las que <strong>aprender\u00e1s creando<\/strong> tu primer sitio web profesional al tiempo en que iniciar\u00e1s tu camino hacia el verdadero emprendimiento en la <strong>era de la transformaci\u00f3n digital<\/strong>. \u00a0<\/p>\n\n\n\n<p>Recibir\u00e1s <strong>atenci\u00f3n personalizada<\/strong> a trav\u00e9s de <strong>WhatsApp<\/strong> a lo largo de todo el curso y al culminar, obtendr\u00e1s un certificado digital de aprobaci\u00f3n que acredita <strong>30 horas acad\u00e9micas<\/strong> de estudio, avaladas por el <strong>Instituto Suramericano de Educaci\u00f3n ModernaISEM C.A.<\/strong><\/p>\n\n\n\n<h4 class=\"wp-block-heading\">Dirigido a<\/h4>\n\n\n\n<p>Todos los emprendedores interesados en aprender a crear sitios web con WordPress sin necesidad de saber programaci\u00f3n<\/p>\n\n\n\n<h4 class=\"wp-block-heading\" id=\"block-6f855104-d25b-4ce3-af1c-6d845fb6c2e7\">Modalidad<\/h4>\n\n\n\n<p id=\"block-0e751c2b-eb70-40ce-b0a4-f41426a0867a\"><strong>Completamente <\/strong>en vivo a lo largo de 5 sesiones de clase a trav\u00e9s de <strong>Zoom<\/strong> que posteriormente quedar\u00e1n grabadas para que los participantes puedan desarrollar la pr\u00e1ctica a su ritmo.<\/p>\n\n\n\n<p id=\"block-2699e586-91b1-43e6-ab90-d1157b81d517\">Garantizamos tu participaci\u00f3n en actividades formativas guiadas por profesionales especialistas en el \u00e1rea de estudio, con quienes adem\u00e1s, mantendr\u00e1s comunicaci\u00f3n e interacci\u00f3n directa a lo largo de todo el programa de formaci\u00f3n a trav\u00e9s de WhatsApp.<\/p>\n\n\n\n<h4 class=\"wp-block-heading\" id=\"block-ace52e16-1f38-46b2-8580-5468e4b7bd89\">Avalado por<\/h4>\n\n\n\n<hr class=\"wp-block-separator\"\/>\n\n\n\n<figure class=\"wp-block-table is-style-stripes\"><table><tbody><tr><td><br><img decoding=\"async\" src=\"http:\/\/isemvirtual.org\/home\/wp-content\/uploads\/2018\/09\/footer.png\" alt=\"La imagen tiene un atributo ALT vac\u00edo; su nombre de archivo es footer.png\"><br><br><\/td><td>Instituto Suramericano de Educaci\u00f3n Moderna ISEM C.A. <a rel=\"noreferrer noopener\" href=\"http:\/\/www.isemvirtual.org\/\" target=\"_blank\">http:\/\/www.isemvirtual.org<\/a><\/td><\/tr><\/tbody><\/table><\/figure>\n\n\n\n<hr class=\"wp-block-separator\"\/>\n\n\n\n<h4 class=\"wp-block-heading\" id=\"block-86a7169a-b845-486a-a1f8-9c4e5e1d6496\">Contenidos del curso<\/h4>\n\n\n\n<h4 class=\"wp-block-heading\">M\u00f3dulo introductorio<\/h4>\n\n\n\n<ul class=\"wp-block-list\"><li><em>Que es un sitio web y c\u00f3mo funciona t\u00e9cnicamente.<\/em><\/li><li><em>Que es hosting, c\u00f3mo contratarlo y c\u00f3mo administrarlo.<\/em><\/li><li><em>Que es y c\u00f3mo obtener tu propio dominio comercial .com<\/em><\/li><li>Que es un CMS y c\u00f3mo funciona WordPress.<\/li><\/ul>\n\n\n\n<h4 class=\"wp-block-heading\">M\u00f3dulo de instalaci\u00f3n<\/h4>\n\n\n\n<ul class=\"wp-block-list\"><li><em>Instala, configura y crea un sitio web en minutos con WordPress.<\/em><\/li><li>Buscar, instalar, configurar y personalizar temas.<\/li><\/ul>\n\n\n\n<p><strong>M\u00f3dulo de creaci\u00f3n<\/strong><\/p>\n\n\n\n<ul class=\"wp-block-list\"><li>Bancos de im\u00e1genes gratuitos para el dise\u00f1o web.<\/li><li>Crear p\u00e1ginas, entradas, men\u00fas y formularios.<\/li><\/ul>\n\n\n\n<p><strong>M\u00f3dulo de personalizaci\u00f3n<\/strong><\/p>\n\n\n\n<ul class=\"wp-block-list\"><li><em>Instalar plug-ins para un sitio web util, seguro y altamente funcional.<\/em><\/li><li>Conectar tu sitio web a WhatsApp y redes sociales.<\/li><\/ul>\n\n\n\n<h4 class=\"wp-block-heading\">M\u00f3dulo de pagos<\/h4>\n\n\n\n<ul class=\"wp-block-list\"><li><em>Obtener medios de pago internacionales.<\/em><\/li><li><em>Configurar tu propia pasarela de pagos en l\u00ednea para recibir pagos con tarjeta de cr\u00e9dito, d\u00e9bito, PayPal y Binance.<\/em><\/li><\/ul>\n\n\n\n<hr class=\"wp-block-separator\"\/>\n\n\n\n<h4 class=\"wp-block-heading\">\u00a1<strong>Nos vemos en el curso<\/strong>!<\/h4>\n\n\n\n<p><\/p>\n","protected":false},"excerpt":{"rendered":"<p>(Inversi\u00f3n en d\u00f3lares americanos) US$ 70 Inicia el 12 de diciembre de 2022 Certificado verificable internacionalmente. 5 sesiones de clases en vivo. 10 horas de clases magistrales. Clases grabadas posterior &#8230;<\/p>\n","protected":false},"author":1,"featured_media":0,"parent":0,"menu_order":0,"comment_status":"closed","ping_status":"closed","template":"","meta":{"_joinchat":{"telephone":"+573113641485"},"footnotes":""},"class_list":["post-591","page","type-page","status-publish","hentry"],"yoast_head":"<!-- This site is optimized with the Yoast SEO plugin v24.1 - https:\/\/yoast.com\/wordpress\/plugins\/seo\/ -->\n<title>Creaci\u00f3n de sitios web con WordPress | Instituto Suramericano de Educaci&oacute;n Moderna<\/title>\n<meta name=\"robots\" content=\"index, follow, max-snippet:-1, max-image-preview:large, max-video-preview:-1\" \/>\n<link rel=\"canonical\" href=\"https:\/\/isemvirtual.org\/home\/wordpress\/\" \/>\n<meta property=\"og:locale\" content=\"es_ES\" \/>\n<meta property=\"og:type\" content=\"article\" \/>\n<meta property=\"og:title\" content=\"Creaci\u00f3n de sitios web con WordPress | Instituto Suramericano de Educaci&oacute;n Moderna\" \/>\n<meta property=\"og:description\" content=\"(Inversi\u00f3n en d\u00f3lares americanos) US$ 70 Inicia el 12 de diciembre de 2022 Certificado verificable internacionalmente. 5 sesiones de clases en vivo. 10 horas de clases magistrales. Clases grabadas posterior ...\" \/>\n<meta property=\"og:url\" content=\"https:\/\/isemvirtual.org\/home\/wordpress\/\" \/>\n<meta property=\"og:site_name\" content=\"Instituto Suramericano de Educaci&oacute;n Moderna\" \/>\n<meta property=\"article:publisher\" content=\"http:\/\/www.facebook.com\/isemvirtual\" \/>\n<meta property=\"article:modified_time\" content=\"2022-12-05T03:05:34+00:00\" \/>\n<meta property=\"og:image\" content=\"http:\/\/isemvirtual.org\/home\/wp-content\/uploads\/2022\/12\/FlyerSitioWeb-1024x1024.jpg\" \/>\n<meta name=\"twitter:card\" content=\"summary_large_image\" \/>\n<meta name=\"twitter:label1\" content=\"Tiempo de lectura\" \/>\n\t<meta name=\"twitter:data1\" content=\"3 minutos\" \/>\n<script type=\"application\/ld+json\" class=\"yoast-schema-graph\">{\"@context\":\"https:\/\/schema.org\",\"@graph\":[{\"@type\":\"WebPage\",\"@id\":\"https:\/\/isemvirtual.org\/home\/wordpress\/\",\"url\":\"https:\/\/isemvirtual.org\/home\/wordpress\/\",\"name\":\"Creaci\u00f3n de sitios web con WordPress | Instituto Suramericano de Educaci&oacute;n Moderna\",\"isPartOf\":{\"@id\":\"https:\/\/isemvirtual.org\/home\/#website\"},\"primaryImageOfPage\":{\"@id\":\"https:\/\/isemvirtual.org\/home\/wordpress\/#primaryimage\"},\"image\":{\"@id\":\"https:\/\/isemvirtual.org\/home\/wordpress\/#primaryimage\"},\"thumbnailUrl\":\"http:\/\/isemvirtual.org\/home\/wp-content\/uploads\/2022\/12\/FlyerSitioWeb-1024x1024.jpg\",\"datePublished\":\"2022-12-05T03:05:32+00:00\",\"dateModified\":\"2022-12-05T03:05:34+00:00\",\"breadcrumb\":{\"@id\":\"https:\/\/isemvirtual.org\/home\/wordpress\/#breadcrumb\"},\"inLanguage\":\"es\",\"potentialAction\":[{\"@type\":\"ReadAction\",\"target\":[\"https:\/\/isemvirtual.org\/home\/wordpress\/\"]}]},{\"@type\":\"ImageObject\",\"inLanguage\":\"es\",\"@id\":\"https:\/\/isemvirtual.org\/home\/wordpress\/#primaryimage\",\"url\":\"https:\/\/isemvirtual.org\/home\/wp-content\/uploads\/2022\/12\/FlyerSitioWeb.jpg\",\"contentUrl\":\"https:\/\/isemvirtual.org\/home\/wp-content\/uploads\/2022\/12\/FlyerSitioWeb.jpg\",\"width\":1080,\"height\":1080},{\"@type\":\"BreadcrumbList\",\"@id\":\"https:\/\/isemvirtual.org\/home\/wordpress\/#breadcrumb\",\"itemListElement\":[{\"@type\":\"ListItem\",\"position\":1,\"name\":\"Portada\",\"item\":\"https:\/\/isemvirtual.org\/home\/\"},{\"@type\":\"ListItem\",\"position\":2,\"name\":\"Creaci\u00f3n de sitios web con WordPress\"}]},{\"@type\":\"WebSite\",\"@id\":\"https:\/\/isemvirtual.org\/home\/#website\",\"url\":\"https:\/\/isemvirtual.org\/home\/\",\"name\":\"ISEMVIRTUAL\",\"description\":\"ISEM Virtual\",\"publisher\":{\"@id\":\"https:\/\/isemvirtual.org\/home\/#organization\"},\"potentialAction\":[{\"@type\":\"SearchAction\",\"target\":{\"@type\":\"EntryPoint\",\"urlTemplate\":\"https:\/\/isemvirtual.org\/home\/?s={search_term_string}\"},\"query-input\":{\"@type\":\"PropertyValueSpecification\",\"valueRequired\":true,\"valueName\":\"search_term_string\"}}],\"inLanguage\":\"es\"},{\"@type\":\"Organization\",\"@id\":\"https:\/\/isemvirtual.org\/home\/#organization\",\"name\":\"Instituto Suramericano de Educaci\u00f3n Moderna ISEM\",\"url\":\"https:\/\/isemvirtual.org\/home\/\",\"logo\":{\"@type\":\"ImageObject\",\"inLanguage\":\"es\",\"@id\":\"https:\/\/isemvirtual.org\/home\/#\/schema\/logo\/image\/\",\"url\":\"http:\/\/isemvirtual.org\/home\/wp-content\/uploads\/2018\/09\/footer.png\",\"contentUrl\":\"http:\/\/isemvirtual.org\/home\/wp-content\/uploads\/2018\/09\/footer.png\",\"width\":300,\"height\":92,\"caption\":\"Instituto Suramericano de Educaci\u00f3n Moderna ISEM\"},\"image\":{\"@id\":\"https:\/\/isemvirtual.org\/home\/#\/schema\/logo\/image\/\"},\"sameAs\":[\"http:\/\/www.facebook.com\/isemvirtual\",\"http:\/\/www.instagram.com\/isemvirtual\"]}]}<\/script>\n<!-- \/ Yoast SEO plugin. -->","yoast_head_json":{"title":"Creaci\u00f3n de sitios web con WordPress | Instituto Suramericano de Educaci&oacute;n Moderna","robots":{"index":"index","follow":"follow","max-snippet":"max-snippet:-1","max-image-preview":"max-image-preview:large","max-video-preview":"max-video-preview:-1"},"canonical":"https:\/\/isemvirtual.org\/home\/wordpress\/","og_locale":"es_ES","og_type":"article","og_title":"Creaci\u00f3n de sitios web con WordPress | Instituto Suramericano de Educaci&oacute;n Moderna","og_description":"(Inversi\u00f3n en d\u00f3lares americanos) US$ 70 Inicia el 12 de diciembre de 2022 Certificado verificable internacionalmente. 5 sesiones de clases en vivo. 10 horas de clases magistrales. Clases grabadas posterior ...","og_url":"https:\/\/isemvirtual.org\/home\/wordpress\/","og_site_name":"Instituto Suramericano de Educaci&oacute;n Moderna","article_publisher":"http:\/\/www.facebook.com\/isemvirtual","article_modified_time":"2022-12-05T03:05:34+00:00","og_image":[{"url":"http:\/\/isemvirtual.org\/home\/wp-content\/uploads\/2022\/12\/FlyerSitioWeb-1024x1024.jpg","type":"","width":"","height":""}],"twitter_card":"summary_large_image","twitter_misc":{"Tiempo de lectura":"3 minutos"},"schema":{"@context":"https:\/\/schema.org","@graph":[{"@type":"WebPage","@id":"https:\/\/isemvirtual.org\/home\/wordpress\/","url":"https:\/\/isemvirtual.org\/home\/wordpress\/","name":"Creaci\u00f3n de sitios web con WordPress | Instituto Suramericano de Educaci&oacute;n Moderna","isPartOf":{"@id":"https:\/\/isemvirtual.org\/home\/#website"},"primaryImageOfPage":{"@id":"https:\/\/isemvirtual.org\/home\/wordpress\/#primaryimage"},"image":{"@id":"https:\/\/isemvirtual.org\/home\/wordpress\/#primaryimage"},"thumbnailUrl":"http:\/\/isemvirtual.org\/home\/wp-content\/uploads\/2022\/12\/FlyerSitioWeb-1024x1024.jpg","datePublished":"2022-12-05T03:05:32+00:00","dateModified":"2022-12-05T03:05:34+00:00","breadcrumb":{"@id":"https:\/\/isemvirtual.org\/home\/wordpress\/#breadcrumb"},"inLanguage":"es","potentialAction":[{"@type":"ReadAction","target":["https:\/\/isemvirtual.org\/home\/wordpress\/"]}]},{"@type":"ImageObject","inLanguage":"es","@id":"https:\/\/isemvirtual.org\/home\/wordpress\/#primaryimage","url":"https:\/\/isemvirtual.org\/home\/wp-content\/uploads\/2022\/12\/FlyerSitioWeb.jpg","contentUrl":"https:\/\/isemvirtual.org\/home\/wp-content\/uploads\/2022\/12\/FlyerSitioWeb.jpg","width":1080,"height":1080},{"@type":"BreadcrumbList","@id":"https:\/\/isemvirtual.org\/home\/wordpress\/#breadcrumb","itemListElement":[{"@type":"ListItem","position":1,"name":"Portada","item":"https:\/\/isemvirtual.org\/home\/"},{"@type":"ListItem","position":2,"name":"Creaci\u00f3n de sitios web con WordPress"}]},{"@type":"WebSite","@id":"https:\/\/isemvirtual.org\/home\/#website","url":"https:\/\/isemvirtual.org\/home\/","name":"ISEMVIRTUAL","description":"ISEM Virtual","publisher":{"@id":"https:\/\/isemvirtual.org\/home\/#organization"},"potentialAction":[{"@type":"SearchAction","target":{"@type":"EntryPoint","urlTemplate":"https:\/\/isemvirtual.org\/home\/?s={search_term_string}"},"query-input":{"@type":"PropertyValueSpecification","valueRequired":true,"valueName":"search_term_string"}}],"inLanguage":"es"},{"@type":"Organization","@id":"https:\/\/isemvirtual.org\/home\/#organization","name":"Instituto Suramericano de Educaci\u00f3n Moderna ISEM","url":"https:\/\/isemvirtual.org\/home\/","logo":{"@type":"ImageObject","inLanguage":"es","@id":"https:\/\/isemvirtual.org\/home\/#\/schema\/logo\/image\/","url":"http:\/\/isemvirtual.org\/home\/wp-content\/uploads\/2018\/09\/footer.png","contentUrl":"http:\/\/isemvirtual.org\/home\/wp-content\/uploads\/2018\/09\/footer.png","width":300,"height":92,"caption":"Instituto Suramericano de Educaci\u00f3n Moderna ISEM"},"image":{"@id":"https:\/\/isemvirtual.org\/home\/#\/schema\/logo\/image\/"},"sameAs":["http:\/\/www.facebook.com\/isemvirtual","http:\/\/www.instagram.com\/isemvirtual"]}]}},"_links":{"self":[{"href":"https:\/\/isemvirtual.org\/home\/wp-json\/wp\/v2\/pages\/591","targetHints":{"allow":["GET"]}}],"collection":[{"href":"https:\/\/isemvirtual.org\/home\/wp-json\/wp\/v2\/pages"}],"about":[{"href":"https:\/\/isemvirtual.org\/home\/wp-json\/wp\/v2\/types\/page"}],"author":[{"embeddable":true,"href":"https:\/\/isemvirtual.org\/home\/wp-json\/wp\/v2\/users\/1"}],"replies":[{"embeddable":true,"href":"https:\/\/isemvirtual.org\/home\/wp-json\/wp\/v2\/comments?post=591"}],"version-history":[{"count":1,"href":"https:\/\/isemvirtual.org\/home\/wp-json\/wp\/v2\/pages\/591\/revisions"}],"predecessor-version":[{"id":592,"href":"https:\/\/isemvirtual.org\/home\/wp-json\/wp\/v2\/pages\/591\/revisions\/592"}],"wp:attachment":[{"href":"https:\/\/isemvirtual.org\/home\/wp-json\/wp\/v2\/media?parent=591"}],"curies":[{"name":"wp","href":"https:\/\/api.w.org\/{rel}","templated":true}]}}